{"id":526,"date":"2026-02-02T12:01:45","date_gmt":"2026-02-02T11:01:45","guid":{"rendered":"https:\/\/smart-cleaning.at\/?page_id=526"},"modified":"2026-02-16T12:09:04","modified_gmt":"2026-02-16T11:09:04","slug":"reviews","status":"publish","type":"page","link":"https:\/\/smart-cleaning.at\/de\/reviews\/","title":{"rendered":"Bewertungen"},"content":{"rendered":"<p>Ihre Meinung ist uns sehr wichtig.<\/p>\n<p>Hier k\u00f6nnen Sie Ihr Feedback, Ihre Vorschl\u00e4ge oder Eindr\u00fccke mit uns teilen \u2014 wir pr\u00fcfen jede Nachricht sorgf\u00e4ltig, um unsere Reinigungsservices kontinuierlich zu verbessern und Ihre Zufriedenheit sicherzustellen.<\/p>\n<p>Wir sch\u00e4tzen alle Kommentare und Ideen sehr und versichern Ihnen, dass keine davon unbeachtet bleibt. Ihr Feedback hilft uns, hohe Standards zu wahren und unsere Dienstleistungen auf die effektivste Weise weiterzuentwickeln.<\/p>\n<p>Wir w\u00fcrden uns au\u00dferdem freuen, wenn Sie eine Bewertung auf unserer <a href=\"https:\/\/maps.app.goo.gl\/Uuw8CT1cR96wLQHc6\" target=\"_blank\" rel=\"noopener\">Google Maps<\/a>-Seite hinterlassen k\u00f6nnten.<br \/>\nVielen Dank, dass Sie sich f\u00fcr Smart Cleaning entschieden haben!<\/p>\n<p><style>#wprev-slider-2 .wprev_preview_bradius_T1 {border-radius: 0px;}#wprev-slider-2 .wprev_preview_bg1_T1::after{ border-top: 30px solid ; }<\/style><style><\/style><div class=\"wprev-no-slider revnotsameheight\" id=\"wprev-slider-2\">\t\t<div class=\"wprevpro_t1_outer_div w3_wprs-row-padding\">\r\n\t\t\t\t<div class=\"wprevpro_t1_DIV_1 w3_wprs-col l6\">\r\n\t\t\t<div class=\"indrevdiv wprevpro_t1_DIV_2 wprev_preview_bg1_T1 wprev_preview_tcolor1_T1 wprev_preview_bradius_T1\">\r\n\t\t\t\t<p class=\"wprevpro_t1_P_3 wprev_preview_tcolor1_T1\">\r\n\t\t\t\t\t<span class=\"wprevpro_star_imgs_T1\"><span class=\"starloc1 wprevpro_star_imgs wprevpro_star_imgsloc1\"><span class=\"svgicons svg-wprsp-star\"><\/span><span class=\"svgicons svg-wprsp-star\"><\/span><span class=\"svgicons svg-wprsp-star\"><\/span><span class=\"svgicons svg-wprsp-star\"><\/span><span class=\"svgicons svg-wprsp-star\"><\/span><\/span><\/span><span class=\"verifiedloc1 wprevpro_verified_svg wprevtooltip\" data-wprevtooltip=\"Verified on Google\"><span class=\"svgicons svg-wprsp-verified\"><\/span><\/span>Eine wirklich tolle Firma! Nachdem unsere Wohnung besenrein \u00fcbergeben wurde habe ich bei SCC wegen einer Reinigung inklusive der Fensterrahmen angefragt und diese wurde sehr gut erledigt.\t\t\t\t<\/p>\r\n\t\t\t\t\t\t\t\t<img decoding=\"async\" src=\"https:\/\/smart-cleaning.at\/wp-content\/plugins\/wp-google-places-review-slider\/public\/partials\/imgs\/google_small_icon.png\" alt=\"Google Logo\" class=\"wprevpro_t1_site_logo siteicon sitetype_Google\">\t\t\t<\/div><span class=\"wprevpro_t1_A_8\"><img decoding=\"async\" src=\"https:\/\/lh3.googleusercontent.com\/a-\/ALV-UjVyMx0WsCx_e75XxTAMT1GLuywRwLXM3lbLr4fBmDZRO1LwuqJ52Q=s64-c-rp-mo-ba3-br100\" alt=\"Markus Reischenb\u00f6ck Avatar\" class=\"wprevpro_t1_IMG_4\" loading=\"lazy\" \/><\/span> <span class=\"wprevpro_t1_SPAN_5 wprev_preview_tcolor2_T1\">Markus Reischenb\u00f6ck<br\/><span class=\"wprev_showdate_T1\">Oktober 15, 2025<\/span> <\/span>\r\n\t\t<\/div>\r\n\t\t\t<div class=\"wprevpro_t1_DIV_1 w3_wprs-col l6\">\r\n\t\t\t<div class=\"indrevdiv wprevpro_t1_DIV_2 wprev_preview_bg1_T1 wprev_preview_tcolor1_T1 wprev_preview_bradius_T1\">\r\n\t\t\t\t<p class=\"wprevpro_t1_P_3 wprev_preview_tcolor1_T1\">\r\n\t\t\t\t\t<span class=\"wprevpro_star_imgs_T1\"><span class=\"starloc1 wprevpro_star_imgs wprevpro_star_imgsloc1\"><span class=\"svgicons svg-wprsp-star\"><\/span><span class=\"svgicons svg-wprsp-star\"><\/span><span class=\"svgicons svg-wprsp-star\"><\/span><span class=\"svgicons svg-wprsp-star\"><\/span><span class=\"svgicons svg-wprsp-star\"><\/span><\/span><\/span><span class=\"verifiedloc1 wprevpro_verified_svg wprevtooltip\" data-wprevtooltip=\"Verified on Google\"><span class=\"svgicons svg-wprsp-verified\"><\/span><\/span>Effective cleaning and nice owner!\t\t\t\t<\/p>\r\n\t\t\t\t\t\t\t\t<img decoding=\"async\" src=\"https:\/\/smart-cleaning.at\/wp-content\/plugins\/wp-google-places-review-slider\/public\/partials\/imgs\/google_small_icon.png\" alt=\"Google Logo\" class=\"wprevpro_t1_site_logo siteicon sitetype_Google\">\t\t\t<\/div><span class=\"wprevpro_t1_A_8\"><img decoding=\"async\" src=\"https:\/\/lh3.googleusercontent.com\/a-\/ALV-UjW-TB5ugdjkpVxcZQKCZh8HGJTD5c1hoq6mamsI8z7gCdOSYX-I=s64-c-rp-mo-br100\" alt=\"Vera Maria Bitter Avatar\" class=\"wprevpro_t1_IMG_4\" loading=\"lazy\" \/><\/span> <span class=\"wprevpro_t1_SPAN_5 wprev_preview_tcolor2_T1\">Vera Maria Bitter<br\/><span class=\"wprev_showdate_T1\">Mai 25, 2025<\/span> <\/span>\r\n\t\t<\/div>\r\n\t\t<\/div>\r\n\t\t<div class=\"wprevpro_t1_outer_div w3_wprs-row-padding\">\r\n\t\t\t\t<div class=\"wprevpro_t1_DIV_1 w3_wprs-col l6\">\r\n\t\t\t<div class=\"indrevdiv wprevpro_t1_DIV_2 wprev_preview_bg1_T1 wprev_preview_tcolor1_T1 wprev_preview_bradius_T1\">\r\n\t\t\t\t<p class=\"wprevpro_t1_P_3 wprev_preview_tcolor1_T1\">\r\n\t\t\t\t\t<span class=\"wprevpro_star_imgs_T1\"><span class=\"starloc1 wprevpro_star_imgs wprevpro_star_imgsloc1\"><span class=\"svgicons svg-wprsp-star\"><\/span><span class=\"svgicons svg-wprsp-star\"><\/span><span class=\"svgicons svg-wprsp-star\"><\/span><span class=\"svgicons svg-wprsp-star\"><\/span><span class=\"svgicons svg-wprsp-star\"><\/span><\/span><\/span><span class=\"verifiedloc1 wprevpro_verified_svg wprevtooltip\" data-wprevtooltip=\"Verified on Google\"><span class=\"svgicons svg-wprsp-verified\"><\/span><\/span>Wir haben die Dienstleistungen dieses Unternehmens in Anspruch genommen und sind sehr, sehr, sehr zufrieden und werden sie immer wieder kontaktieren.\t\t\t\t<\/p>\r\n\t\t\t\t\t\t\t\t<img decoding=\"async\" src=\"https:\/\/smart-cleaning.at\/wp-content\/plugins\/wp-google-places-review-slider\/public\/partials\/imgs\/google_small_icon.png\" alt=\"Google Logo\" class=\"wprevpro_t1_site_logo siteicon sitetype_Google\">\t\t\t<\/div><span class=\"wprevpro_t1_A_8\"><img decoding=\"async\" src=\"https:\/\/lh3.googleusercontent.com\/a-\/ALV-UjUD79r6ePwf8qEt4mWGha4BKnlu9jtnByS-mNkyO1f0ilBAN-M=s64-c-rp-mo-br100\" alt=\"\u0410\u043b\u0438\u043d\u0430 \u041a\u043e\u043b\u0435\u0441\u043d\u0438\u043a Avatar\" class=\"wprevpro_t1_IMG_4\" loading=\"lazy\" \/><\/span> <span class=\"wprevpro_t1_SPAN_5 wprev_preview_tcolor2_T1\">\u0410\u043b\u0438\u043d\u0430 \u041a\u043e\u043b\u0435\u0441\u043d\u0438\u043a<br\/><span class=\"wprev_showdate_T1\">November 25, 2025<\/span> <\/span>\r\n\t\t<\/div>\r\n\t\t\t<div class=\"wprevpro_t1_DIV_1 w3_wprs-col l6\">\r\n\t\t\t<div class=\"indrevdiv wprevpro_t1_DIV_2 wprev_preview_bg1_T1 wprev_preview_tcolor1_T1 wprev_preview_bradius_T1\">\r\n\t\t\t\t<p class=\"wprevpro_t1_P_3 wprev_preview_tcolor1_T1\">\r\n\t\t\t\t\t<span class=\"wprevpro_star_imgs_T1\"><span class=\"starloc1 wprevpro_star_imgs wprevpro_star_imgsloc1\"><span class=\"svgicons svg-wprsp-star\"><\/span><span class=\"svgicons svg-wprsp-star\"><\/span><span class=\"svgicons svg-wprsp-star\"><\/span><span class=\"svgicons svg-wprsp-star\"><\/span><span class=\"svgicons svg-wprsp-star\"><\/span><\/span><\/span><span class=\"verifiedloc1 wprevpro_verified_svg wprevtooltip\" data-wprevtooltip=\"Verified on Google\"><span class=\"svgicons svg-wprsp-verified\"><\/span><\/span>Das Smart Cleaning Team arbeitet zuverl\u00e4ssig und sehr sauber. Danke f\u00fcr die Tolle Unterst\u00fctzung bei unserer Vermietung!\t\t\t\t<\/p>\r\n\t\t\t\t\t\t\t\t<img decoding=\"async\" src=\"https:\/\/smart-cleaning.at\/wp-content\/plugins\/wp-google-places-review-slider\/public\/partials\/imgs\/google_small_icon.png\" alt=\"Google Logo\" class=\"wprevpro_t1_site_logo siteicon sitetype_Google\">\t\t\t<\/div><span class=\"wprevpro_t1_A_8\"><img decoding=\"async\" src=\"https:\/\/lh3.googleusercontent.com\/a-\/ALV-UjXgqCM7g9jbqWUr3RznBivCdkyU-I0EiIVgBcEtU7InElzz6_4=s64-c-rp-mo-br100\" alt=\"Monika Maurer Avatar\" class=\"wprevpro_t1_IMG_4\" loading=\"lazy\" \/><\/span> <span class=\"wprevpro_t1_SPAN_5 wprev_preview_tcolor2_T1\">Monika Maurer<br\/><span class=\"wprev_showdate_T1\">November 9, 2025<\/span> <\/span>\r\n\t\t<\/div>\r\n\t\t<\/div>\r\n\t\t<div class=\"wprevpro_t1_outer_div w3_wprs-row-padding\">\r\n\t\t\t\t<div class=\"wprevpro_t1_DIV_1 w3_wprs-col l6\">\r\n\t\t\t<div class=\"indrevdiv wprevpro_t1_DIV_2 wprev_preview_bg1_T1 wprev_preview_tcolor1_T1 wprev_preview_bradius_T1\">\r\n\t\t\t\t<p class=\"wprevpro_t1_P_3 wprev_preview_tcolor1_T1\">\r\n\t\t\t\t\t<span class=\"wprevpro_star_imgs_T1\"><span class=\"starloc1 wprevpro_star_imgs wprevpro_star_imgsloc1\"><span class=\"svgicons svg-wprsp-star\"><\/span><span class=\"svgicons svg-wprsp-star\"><\/span><span class=\"svgicons svg-wprsp-star\"><\/span><span class=\"svgicons svg-wprsp-star\"><\/span><span class=\"svgicons svg-wprsp-star\"><\/span><\/span><\/span><span class=\"verifiedloc1 wprevpro_verified_svg wprevtooltip\" data-wprevtooltip=\"Verified on Google\"><span class=\"svgicons svg-wprsp-verified\"><\/span><\/span>Seit mehreren Monaten betreut SCC ein Haus von mir - ich k\u00f6nnte nicht zufriedener sein, Kommunikation, Reinigung, alles bestens.\nDanke an Yehor und sein Team.\t\t\t\t<\/p>\r\n\t\t\t\t\t\t\t\t<img decoding=\"async\" src=\"https:\/\/smart-cleaning.at\/wp-content\/plugins\/wp-google-places-review-slider\/public\/partials\/imgs\/google_small_icon.png\" alt=\"Google Logo\" class=\"wprevpro_t1_site_logo siteicon sitetype_Google\">\t\t\t<\/div><span class=\"wprevpro_t1_A_8\"><img decoding=\"async\" src=\"https:\/\/lh3.googleusercontent.com\/a\/ACg8ocKwcmArwN9Ny84zy4f3H-JO5i_URTWJAPuETt517q-KAUBtTg=s64-c-rp-mo-br100\" alt=\"Simon Avatar\" class=\"wprevpro_t1_IMG_4\" loading=\"lazy\" \/><\/span> <span class=\"wprevpro_t1_SPAN_5 wprev_preview_tcolor2_T1\">Simon<br\/><span class=\"wprev_showdate_T1\">November 8, 2025<\/span> <\/span>\r\n\t\t<\/div>\r\n\t\t\t<div class=\"wprevpro_t1_DIV_1 w3_wprs-col l6\">\r\n\t\t\t<div class=\"indrevdiv wprevpro_t1_DIV_2 wprev_preview_bg1_T1 wprev_preview_tcolor1_T1 wprev_preview_bradius_T1\">\r\n\t\t\t\t<p class=\"wprevpro_t1_P_3 wprev_preview_tcolor1_T1\">\r\n\t\t\t\t\t<span class=\"wprevpro_star_imgs_T1\"><span class=\"starloc1 wprevpro_star_imgs wprevpro_star_imgsloc1\"><span class=\"svgicons svg-wprsp-star\"><\/span><span class=\"svgicons svg-wprsp-star\"><\/span><span class=\"svgicons svg-wprsp-star\"><\/span><span class=\"svgicons svg-wprsp-star\"><\/span><span class=\"svgicons svg-wprsp-star\"><\/span><\/span><\/span><span class=\"verifiedloc1 wprevpro_verified_svg wprevtooltip\" data-wprevtooltip=\"Verified on Google\"><span class=\"svgicons svg-wprsp-verified\"><\/span><\/span>Wir sind super happy mit dem w\u00f6chentlichen Service bei uns im Design Studio in der Panzerhalle. Auch wenn es au\u00dferhalb der vereinbarten Zeit mal schnell eine kleine Reinigung braucht, weil ein wichtiger Kunde im Haus ist, etc. dann ist das Team immer da. DANKE euch ihr seid wunderbar, Karin\t\t\t\t<\/p>\r\n\t\t\t\t\t\t\t\t<img decoding=\"async\" src=\"https:\/\/smart-cleaning.at\/wp-content\/plugins\/wp-google-places-review-slider\/public\/partials\/imgs\/google_small_icon.png\" alt=\"Google Logo\" class=\"wprevpro_t1_site_logo siteicon sitetype_Google\">\t\t\t<\/div><span class=\"wprevpro_t1_A_8\"><img decoding=\"async\" src=\"https:\/\/lh3.googleusercontent.com\/a-\/ALV-UjV1tuIf1XIMZKCPH06aOcnxlaMWltl8Zqtg6WmGbIqVvjMPu4Q=s64-c-rp-mo-br100\" alt=\"Karin Aigner Avatar\" class=\"wprevpro_t1_IMG_4\" loading=\"lazy\" \/><\/span> <span class=\"wprevpro_t1_SPAN_5 wprev_preview_tcolor2_T1\">Karin Aigner<br\/><span class=\"wprev_showdate_T1\">Mai 27, 2025<\/span> <\/span>\r\n\t\t<\/div>\r\n\t\t<\/div>\r\n\t\t<div class=\"wprevpro_t1_outer_div w3_wprs-row-padding\">\r\n\t\t\t\t<div class=\"wprevpro_t1_DIV_1 w3_wprs-col l6\">\r\n\t\t\t<div class=\"indrevdiv wprevpro_t1_DIV_2 wprev_preview_bg1_T1 wprev_preview_tcolor1_T1 wprev_preview_bradius_T1\">\r\n\t\t\t\t<p class=\"wprevpro_t1_P_3 wprev_preview_tcolor1_T1\">\r\n\t\t\t\t\t<span class=\"wprevpro_star_imgs_T1\"><span class=\"starloc1 wprevpro_star_imgs wprevpro_star_imgsloc1\"><span class=\"svgicons svg-wprsp-star\"><\/span><span class=\"svgicons svg-wprsp-star\"><\/span><span class=\"svgicons svg-wprsp-star\"><\/span><span class=\"svgicons svg-wprsp-star\"><\/span><span class=\"svgicons svg-wprsp-star\"><\/span><\/span><\/span><span class=\"verifiedloc1 wprevpro_verified_svg wprevtooltip\" data-wprevtooltip=\"Verified on Google\"><span class=\"svgicons svg-wprsp-verified\"><\/span><\/span>Nice cleaning company with a lot of different cleaning offers and very good certificated staff.\t\t\t\t<\/p>\r\n\t\t\t\t\t\t\t\t<img decoding=\"async\" src=\"https:\/\/smart-cleaning.at\/wp-content\/plugins\/wp-google-places-review-slider\/public\/partials\/imgs\/google_small_icon.png\" alt=\"Google Logo\" class=\"wprevpro_t1_site_logo siteicon sitetype_Google\">\t\t\t<\/div><span class=\"wprevpro_t1_A_8\"><img decoding=\"async\" src=\"https:\/\/lh3.googleusercontent.com\/a-\/ALV-UjW-Vl5uyBpIoFCOr19OmVGPay3CX9q9NWz-wp9z-cY1f6CpY7bt=s64-c-rp-mo-ba2-br100\" alt=\"\u0414\u0430\u043d\u0456\u0456\u043b \u0424\u0456\u043b\u0456\u043f\u043e\u0432\u0441\u044c\u043a\u0438\u0439 Avatar\" class=\"wprevpro_t1_IMG_4\" loading=\"lazy\" \/><\/span> <span class=\"wprevpro_t1_SPAN_5 wprev_preview_tcolor2_T1\">\u0414\u0430\u043d\u0456\u0456\u043b \u0424\u0456\u043b\u0456\u043f\u043e\u0432\u0441\u044c\u043a\u0438\u0439<br\/><span class=\"wprev_showdate_T1\">Mai 24, 2025<\/span> <\/span>\r\n\t\t<\/div>\r\n\t\t\t<div class=\"wprevpro_t1_DIV_1 w3_wprs-col l6\">\r\n\t\t\t<div class=\"indrevdiv wprevpro_t1_DIV_2 wprev_preview_bg1_T1 wprev_preview_tcolor1_T1 wprev_preview_bradius_T1\">\r\n\t\t\t\t<p class=\"wprevpro_t1_P_3 wprev_preview_tcolor1_T1\">\r\n\t\t\t\t\t<span class=\"wprevpro_star_imgs_T1\"><span class=\"starloc1 wprevpro_star_imgs wprevpro_star_imgsloc1\"><span class=\"svgicons svg-wprsp-star\"><\/span><span class=\"svgicons svg-wprsp-star\"><\/span><span class=\"svgicons svg-wprsp-star\"><\/span><span class=\"svgicons svg-wprsp-star\"><\/span><span class=\"svgicons svg-wprsp-star\"><\/span><\/span><\/span><span class=\"verifiedloc1 wprevpro_verified_svg wprevtooltip\" data-wprevtooltip=\"Verified on Google\"><span class=\"svgicons svg-wprsp-verified\"><\/span><\/span>Wir waren mit der Organisation im Vorfeld (die Reinigung musste wegen Regens mehrfach verschoben werden), der Flexibilit\u00e4t des Teams, aber insbesondere mit der hervorragenden Arbeit des Teams der Smart Cleaning Company nicht nur zufrieden sondern wir waren begeistert. Der Chef und die Mitarbeiter waren sehr freundlich (meine Eltern sind sehr betagt), umsichtig, sie haben alles auf den Weg zur zu reinigenden Terrasse abgedeckt und die Zwischenr\u00e4ume wieder sauber verlassen. Note: Top f\u00fcr einen tipptopp Job!!!\t\t\t\t<\/p>\r\n\t\t\t\t\t\t\t\t<img decoding=\"async\" src=\"https:\/\/smart-cleaning.at\/wp-content\/plugins\/wp-google-places-review-slider\/public\/partials\/imgs\/google_small_icon.png\" alt=\"Google Logo\" class=\"wprevpro_t1_site_logo siteicon sitetype_Google\">\t\t\t<\/div><span class=\"wprevpro_t1_A_8\"><img decoding=\"async\" src=\"https:\/\/lh3.googleusercontent.com\/a\/ACg8ocJYIhiPP9GtL7rQVp9k1-oBq8-OgdxSBsCKl5yZ3_OwMnlZWw=s64-c-rp-mo-br100\" alt=\"Michael Schuh Avatar\" class=\"wprevpro_t1_IMG_4\" loading=\"lazy\" \/><\/span> <span class=\"wprevpro_t1_SPAN_5 wprev_preview_tcolor2_T1\">Michael Schuh<br\/><span class=\"wprev_showdate_T1\">August 6, 2025<\/span> <\/span>\r\n\t\t<\/div>\r\n\t\t<\/div>\r\n<\/div>\r\n<br \/>\n[trustindex no-registration=google]<\/p>","protected":false},"excerpt":{"rendered":"<p>Ihre Meinung ist uns sehr wichtig. Hier k\u00f6nnen Sie Ihr Feedback, Ihre Vorschl\u00e4ge oder Eindr\u00fccke mit uns teilen \u2014 wir pr\u00fcfen jede Nachricht sorgf\u00e4ltig, um unsere Reinigungsservices kontinuierlich zu verbessern und Ihre Zufriedenheit sicherzustellen. Wir sch\u00e4tzen alle Kommentare und Ideen sehr und versichern Ihnen, dass keine davon unbeachtet bleibt. Ihr Feedback hilft uns, hohe Standards [&hellip;]<\/p>\n","protected":false},"author":1,"featured_media":0,"parent":0,"menu_order":0,"comment_status":"closed","ping_status":"closed","template":"","meta":{"footnotes":""},"class_list":["post-526","page","type-page","status-publish","hentry"],"acf":[],"yoast_head":"<!-- This site is optimized with the Yoast SEO plugin v25.7 - https:\/\/yoast.com\/wordpress\/plugins\/seo\/ -->\n<title>Kundenfeedback | Smart Cleaning Reinigungsservice  - Smart Cleaning Company<\/title>\n<meta name=\"description\" content=\"Ihre Meinung ist uns wichtig. Teilen Sie Ihr Feedback zu Smart Cleaning und helfen Sie uns, unsere Reinigungsservices kontinuierlich zu verbessern. Jetzt Bewertung hinterlassen.\" \/>\n<meta name=\"robots\" content=\"index, follow, max-snippet:-1, max-image-preview:large, max-video-preview:-1\" \/>\n<link rel=\"canonical\" href=\"https:\/\/smart-cleaning.at\/de\/reviews\/\" \/>\n<meta property=\"og:locale\" content=\"de_DE\" \/>\n<meta property=\"og:type\" content=\"article\" \/>\n<meta property=\"og:title\" content=\"Kundenfeedback | Smart Cleaning Reinigungsservice  - Smart Cleaning Company\" \/>\n<meta property=\"og:description\" content=\"Ihre Meinung ist uns wichtig. Teilen Sie Ihr Feedback zu Smart Cleaning und helfen Sie uns, unsere Reinigungsservices kontinuierlich zu verbessern. Jetzt Bewertung hinterlassen.\" \/>\n<meta property=\"og:url\" content=\"https:\/\/smart-cleaning.at\/de\/reviews\/\" \/>\n<meta property=\"og:site_name\" content=\"Smart Cleaning Company\" \/>\n<meta property=\"article:modified_time\" content=\"2026-02-16T11:09:04+00:00\" \/>\n<meta name=\"twitter:card\" content=\"summary_large_image\" \/>\n<meta name=\"twitter:label1\" content=\"Gesch\u00e4tzte Lesezeit\" \/>\n\t<meta name=\"twitter:data1\" content=\"1\u00a0Minute\" \/>\n<script type=\"application\/ld+json\" class=\"yoast-schema-graph\">{\"@context\":\"https:\/\/schema.org\",\"@graph\":[{\"@type\":\"WebPage\",\"@id\":\"https:\/\/smart-cleaning.at\/de\/reviews\/\",\"url\":\"https:\/\/smart-cleaning.at\/de\/reviews\/\",\"name\":\"Kundenfeedback | Smart Cleaning Reinigungsservice  - Smart Cleaning Company\",\"isPartOf\":{\"@id\":\"https:\/\/smart-cleaning.at\/de\/#website\"},\"datePublished\":\"2026-02-02T11:01:45+00:00\",\"dateModified\":\"2026-02-16T11:09:04+00:00\",\"description\":\"Ihre Meinung ist uns wichtig. Teilen Sie Ihr Feedback zu Smart Cleaning und helfen Sie uns, unsere Reinigungsservices kontinuierlich zu verbessern. Jetzt Bewertung hinterlassen.\",\"breadcrumb\":{\"@id\":\"https:\/\/smart-cleaning.at\/de\/reviews\/#breadcrumb\"},\"inLanguage\":\"de\",\"potentialAction\":[{\"@type\":\"ReadAction\",\"target\":[[\"https:\/\/smart-cleaning.at\/de\/reviews\/\"]]}]},{\"@type\":\"BreadcrumbList\",\"@id\":\"https:\/\/smart-cleaning.at\/de\/reviews\/#breadcrumb\",\"itemListElement\":[{\"@type\":\"ListItem\",\"position\":1,\"name\":\"Home\",\"item\":\"https:\/\/smart-cleaning.at\/de\/\"},{\"@type\":\"ListItem\",\"position\":2,\"name\":\"Reviews\"}]},{\"@type\":\"WebSite\",\"@id\":\"https:\/\/smart-cleaning.at\/de\/#website\",\"url\":\"https:\/\/smart-cleaning.at\/de\/\",\"name\":\"Smart Cleaning Company\",\"description\":\"\",\"potentialAction\":[{\"@type\":\"SearchAction\",\"target\":{\"@type\":\"EntryPoint\",\"urlTemplate\":\"https:\/\/smart-cleaning.at\/de\/?s={search_term_string}\"},\"query-input\":{\"@type\":\"PropertyValueSpecification\",\"valueRequired\":true,\"valueName\":\"search_term_string\"}}],\"inLanguage\":\"de\"}]}<\/script>\n<!-- \/ Yoast SEO plugin. -->","yoast_head_json":{"title":"Kundenfeedback | Smart Cleaning Reinigungsservice  - Smart Cleaning Company","description":"Ihre Meinung ist uns wichtig. Teilen Sie Ihr Feedback zu Smart Cleaning und helfen Sie uns, unsere Reinigungsservices kontinuierlich zu verbessern. Jetzt Bewertung hinterlassen.","robots":{"index":"index","follow":"follow","max-snippet":"max-snippet:-1","max-image-preview":"max-image-preview:large","max-video-preview":"max-video-preview:-1"},"canonical":"https:\/\/smart-cleaning.at\/de\/reviews\/","og_locale":"de_DE","og_type":"article","og_title":"Kundenfeedback | Smart Cleaning Reinigungsservice  - Smart Cleaning Company","og_description":"Ihre Meinung ist uns wichtig. Teilen Sie Ihr Feedback zu Smart Cleaning und helfen Sie uns, unsere Reinigungsservices kontinuierlich zu verbessern. Jetzt Bewertung hinterlassen.","og_url":"https:\/\/smart-cleaning.at\/de\/reviews\/","og_site_name":"Smart Cleaning Company","article_modified_time":"2026-02-16T11:09:04+00:00","twitter_card":"summary_large_image","twitter_misc":{"Gesch\u00e4tzte Lesezeit":"1\u00a0Minute"},"schema":{"@context":"https:\/\/schema.org","@graph":[{"@type":"WebPage","@id":"https:\/\/smart-cleaning.at\/de\/reviews\/","url":"https:\/\/smart-cleaning.at\/de\/reviews\/","name":"Kundenfeedback | Smart Cleaning Reinigungsservice  - Smart Cleaning Company","isPartOf":{"@id":"https:\/\/smart-cleaning.at\/de\/#website"},"datePublished":"2026-02-02T11:01:45+00:00","dateModified":"2026-02-16T11:09:04+00:00","description":"Ihre Meinung ist uns wichtig. Teilen Sie Ihr Feedback zu Smart Cleaning und helfen Sie uns, unsere Reinigungsservices kontinuierlich zu verbessern. Jetzt Bewertung hinterlassen.","breadcrumb":{"@id":"https:\/\/smart-cleaning.at\/de\/reviews\/#breadcrumb"},"inLanguage":"de","potentialAction":[{"@type":"ReadAction","target":[["https:\/\/smart-cleaning.at\/de\/reviews\/"]]}]},{"@type":"BreadcrumbList","@id":"https:\/\/smart-cleaning.at\/de\/reviews\/#breadcrumb","itemListElement":[{"@type":"ListItem","position":1,"name":"Home","item":"https:\/\/smart-cleaning.at\/de\/"},{"@type":"ListItem","position":2,"name":"Reviews"}]},{"@type":"WebSite","@id":"https:\/\/smart-cleaning.at\/de\/#website","url":"https:\/\/smart-cleaning.at\/de\/","name":"Smart Cleaning Company","description":"","potentialAction":[{"@type":"SearchAction","target":{"@type":"EntryPoint","urlTemplate":"https:\/\/smart-cleaning.at\/de\/?s={search_term_string}"},"query-input":{"@type":"PropertyValueSpecification","valueRequired":true,"valueName":"search_term_string"}}],"inLanguage":"de"}]}},"_links":{"self":[{"href":"https:\/\/smart-cleaning.at\/de\/wp-json\/wp\/v2\/pages\/526","targetHints":{"allow":["GET"]}}],"collection":[{"href":"https:\/\/smart-cleaning.at\/de\/wp-json\/wp\/v2\/pages"}],"about":[{"href":"https:\/\/smart-cleaning.at\/de\/wp-json\/wp\/v2\/types\/page"}],"author":[{"embeddable":true,"href":"https:\/\/smart-cleaning.at\/de\/wp-json\/wp\/v2\/users\/1"}],"replies":[{"embeddable":true,"href":"https:\/\/smart-cleaning.at\/de\/wp-json\/wp\/v2\/comments?post=526"}],"version-history":[{"count":6,"href":"https:\/\/smart-cleaning.at\/de\/wp-json\/wp\/v2\/pages\/526\/revisions"}],"predecessor-version":[{"id":535,"href":"https:\/\/smart-cleaning.at\/de\/wp-json\/wp\/v2\/pages\/526\/revisions\/535"}],"wp:attachment":[{"href":"https:\/\/smart-cleaning.at\/de\/wp-json\/wp\/v2\/media?parent=526"}],"curies":[{"name":"wp","href":"https:\/\/api.w.org\/{rel}","templated":true}]}}