{"id":456,"date":"2025-08-27T09:46:47","date_gmt":"2025-08-27T07:46:47","guid":{"rendered":"https:\/\/smart-cleaning.at\/?page_id=456"},"modified":"2025-10-07T14:05:09","modified_gmt":"2025-10-07T12:05:09","slug":"impressum","status":"publish","type":"page","link":"https:\/\/smart-cleaning.at\/de\/impressum\/","title":{"rendered":"Impressum"},"content":{"rendered":"<p><strong>Firmenname &amp; Rechtsform:<\/strong> SCC OG<\/p>\n<p><strong>Sitz der Gesellschaft:<\/strong> Moserstrasse 35, 5020 Salzburg, \u00d6sterreich<\/p>\n<p><strong>Telefon:<\/strong> 004366499909270<\/p>\n<p><strong>E-Mail:<\/strong> office@smart-cleaning.at<\/p>\n<p><strong>Firmenbuchnummer:<\/strong> FN 620137t<\/p>\n<p><strong>Firmenbuchgericht:<\/strong> Salzburg<\/p>\n<p><strong>UID-Nr.:<\/strong> ATU80530524<\/p>\n<h2>Urheberrecht und Haftungsausschluss<\/h2>\n<p>Unsere Website und s\u00e4mtliche Inhalte, insbesondere alle Texte und Bilder, sind gesetzlich gesch\u00fctzt.<br \/>\nJede Nutzung oder Vervielf\u00e4ltigung zu kommerziellen Zwecken ist ohne unsere vorherige schriftliche Zustimmung untersagt und berechtigt uns zu Anspr\u00fcchen auf Unterlassung, Schadenersatz, eine angemessene Nutzungsgeb\u00fchr sowie alle weiteren gesetzlichen Anspr\u00fcche.<\/p>\n<p>Trotz laufender inhaltlicher Kontrolle \u00fcbernehmen wir keine Haftung f\u00fcr die Inhalte externer Links.<br \/>\nF\u00fcr den Inhalt der verlinkten Seiten sind ausschlie\u00dflich deren Betreiber verantwortlich.<\/p>","protected":false},"excerpt":{"rendered":"<p>Firmenname &amp; Rechtsform: SCC OG Sitz der Gesellschaft: Moserstrasse 35, 5020 Salzburg, \u00d6sterreich Telefon: 004366499909270 E-Mail: office@smart-cleaning.at Firmenbuchnummer: FN 620137t Firmenbuchgericht: Salzburg UID-Nr.: ATU80530524 Urheberrecht und Haftungsausschluss Unsere Website und s\u00e4mtliche Inhalte, insbesondere alle Texte und Bilder, sind gesetzlich gesch\u00fctzt. Jede Nutzung oder Vervielf\u00e4ltigung zu kommerziellen Zwecken ist ohne unsere vorherige schriftliche Zustimmung untersagt und [&hellip;]<\/p>\n","protected":false},"author":1,"featured_media":0,"parent":0,"menu_order":0,"comment_status":"closed","ping_status":"closed","template":"","meta":{"footnotes":""},"class_list":["post-456","page","type-page","status-publish","hentry"],"acf":[],"yoast_head":"<!-- This site is optimized with the Yoast SEO plugin v25.7 - https:\/\/yoast.com\/wordpress\/plugins\/seo\/ -->\n<title>Impressum - Smart Cleaning Company<\/title>\n<meta name=\"robots\" content=\"noindex, follow\" \/>\n<meta property=\"og:locale\" content=\"de_DE\" \/>\n<meta property=\"og:type\" content=\"article\" \/>\n<meta property=\"og:title\" content=\"Impressum - Smart Cleaning Company\" \/>\n<meta property=\"og:description\" content=\"Firmenname &amp; Rechtsform: SCC OG Sitz der Gesellschaft: Moserstrasse 35, 5020 Salzburg, \u00d6sterreich Telefon: 004366499909270 E-Mail: office@smart-cleaning.at Firmenbuchnummer: FN 620137t Firmenbuchgericht: Salzburg UID-Nr.: ATU80530524 Urheberrecht und Haftungsausschluss Unsere Website und s\u00e4mtliche Inhalte, insbesondere alle Texte und Bilder, sind gesetzlich gesch\u00fctzt. Jede Nutzung oder Vervielf\u00e4ltigung zu kommerziellen Zwecken ist ohne unsere vorherige schriftliche Zustimmung untersagt und [&hellip;]\" \/>\n<meta property=\"og:url\" content=\"https:\/\/smart-cleaning.at\/de\/impressum\/\" \/>\n<meta property=\"og:site_name\" content=\"Smart Cleaning Company\" \/>\n<meta property=\"article:modified_time\" content=\"2025-10-07T12:05:09+00:00\" \/>\n<meta name=\"twitter:card\" content=\"summary_large_image\" \/>\n<meta name=\"twitter:label1\" content=\"Gesch\u00e4tzte Lesezeit\" \/>\n\t<meta name=\"twitter:data1\" content=\"1\u00a0Minute\" \/>\n<script type=\"application\/ld+json\" class=\"yoast-schema-graph\">{\"@context\":\"https:\/\/schema.org\",\"@graph\":[{\"@type\":\"WebPage\",\"@id\":\"https:\/\/smart-cleaning.at\/de\/impressum\/\",\"url\":\"https:\/\/smart-cleaning.at\/de\/impressum\/\",\"name\":\"Impressum - Smart Cleaning Company\",\"isPartOf\":{\"@id\":\"https:\/\/smart-cleaning.at\/de\/#website\"},\"datePublished\":\"2025-08-27T07:46:47+00:00\",\"dateModified\":\"2025-10-07T12:05:09+00:00\",\"breadcrumb\":{\"@id\":\"https:\/\/smart-cleaning.at\/de\/impressum\/#breadcrumb\"},\"inLanguage\":\"de\",\"potentialAction\":[{\"@type\":\"ReadAction\",\"target\":[[\"https:\/\/smart-cleaning.at\/de\/impressum\/\"]]}]},{\"@type\":\"BreadcrumbList\",\"@id\":\"https:\/\/smart-cleaning.at\/de\/impressum\/#breadcrumb\",\"itemListElement\":[{\"@type\":\"ListItem\",\"position\":1,\"name\":\"Home\",\"item\":\"https:\/\/smart-cleaning.at\/de\/\"},{\"@type\":\"ListItem\",\"position\":2,\"name\":\"Impressum\"}]},{\"@type\":\"WebSite\",\"@id\":\"https:\/\/smart-cleaning.at\/de\/#website\",\"url\":\"https:\/\/smart-cleaning.at\/de\/\",\"name\":\"Smart Cleaning Company\",\"description\":\"\",\"potentialAction\":[{\"@type\":\"SearchAction\",\"target\":{\"@type\":\"EntryPoint\",\"urlTemplate\":\"https:\/\/smart-cleaning.at\/de\/?s={search_term_string}\"},\"query-input\":{\"@type\":\"PropertyValueSpecification\",\"valueRequired\":true,\"valueName\":\"search_term_string\"}}],\"inLanguage\":\"de\"}]}<\/script>\n<!-- \/ Yoast SEO plugin. -->","yoast_head_json":{"title":"Impressum - Smart Cleaning Company","robots":{"index":"noindex","follow":"follow"},"og_locale":"de_DE","og_type":"article","og_title":"Impressum - Smart Cleaning Company","og_description":"Firmenname &amp; Rechtsform: SCC OG Sitz der Gesellschaft: Moserstrasse 35, 5020 Salzburg, \u00d6sterreich Telefon: 004366499909270 E-Mail: office@smart-cleaning.at Firmenbuchnummer: FN 620137t Firmenbuchgericht: Salzburg UID-Nr.: ATU80530524 Urheberrecht und Haftungsausschluss Unsere Website und s\u00e4mtliche Inhalte, insbesondere alle Texte und Bilder, sind gesetzlich gesch\u00fctzt. Jede Nutzung oder Vervielf\u00e4ltigung zu kommerziellen Zwecken ist ohne unsere vorherige schriftliche Zustimmung untersagt und [&hellip;]","og_url":"https:\/\/smart-cleaning.at\/de\/impressum\/","og_site_name":"Smart Cleaning Company","article_modified_time":"2025-10-07T12:05:09+00:00","twitter_card":"summary_large_image","twitter_misc":{"Gesch\u00e4tzte Lesezeit":"1\u00a0Minute"},"schema":{"@context":"https:\/\/schema.org","@graph":[{"@type":"WebPage","@id":"https:\/\/smart-cleaning.at\/de\/impressum\/","url":"https:\/\/smart-cleaning.at\/de\/impressum\/","name":"Impressum - Smart Cleaning Company","isPartOf":{"@id":"https:\/\/smart-cleaning.at\/de\/#website"},"datePublished":"2025-08-27T07:46:47+00:00","dateModified":"2025-10-07T12:05:09+00:00","breadcrumb":{"@id":"https:\/\/smart-cleaning.at\/de\/impressum\/#breadcrumb"},"inLanguage":"de","potentialAction":[{"@type":"ReadAction","target":[["https:\/\/smart-cleaning.at\/de\/impressum\/"]]}]},{"@type":"BreadcrumbList","@id":"https:\/\/smart-cleaning.at\/de\/impressum\/#breadcrumb","itemListElement":[{"@type":"ListItem","position":1,"name":"Home","item":"https:\/\/smart-cleaning.at\/de\/"},{"@type":"ListItem","position":2,"name":"Impressum"}]},{"@type":"WebSite","@id":"https:\/\/smart-cleaning.at\/de\/#website","url":"https:\/\/smart-cleaning.at\/de\/","name":"Smart Cleaning Company","description":"","potentialAction":[{"@type":"SearchAction","target":{"@type":"EntryPoint","urlTemplate":"https:\/\/smart-cleaning.at\/de\/?s={search_term_string}"},"query-input":{"@type":"PropertyValueSpecification","valueRequired":true,"valueName":"search_term_string"}}],"inLanguage":"de"}]}},"_links":{"self":[{"href":"https:\/\/smart-cleaning.at\/de\/wp-json\/wp\/v2\/pages\/456","targetHints":{"allow":["GET"]}}],"collection":[{"href":"https:\/\/smart-cleaning.at\/de\/wp-json\/wp\/v2\/pages"}],"about":[{"href":"https:\/\/smart-cleaning.at\/de\/wp-json\/wp\/v2\/types\/page"}],"author":[{"embeddable":true,"href":"https:\/\/smart-cleaning.at\/de\/wp-json\/wp\/v2\/users\/1"}],"replies":[{"embeddable":true,"href":"https:\/\/smart-cleaning.at\/de\/wp-json\/wp\/v2\/comments?post=456"}],"version-history":[{"count":2,"href":"https:\/\/smart-cleaning.at\/de\/wp-json\/wp\/v2\/pages\/456\/revisions"}],"predecessor-version":[{"id":465,"href":"https:\/\/smart-cleaning.at\/de\/wp-json\/wp\/v2\/pages\/456\/revisions\/465"}],"wp:attachment":[{"href":"https:\/\/smart-cleaning.at\/de\/wp-json\/wp\/v2\/media?parent=456"}],"curies":[{"name":"wp","href":"https:\/\/api.w.org\/{rel}","templated":true}]}}