{"id":24,"date":"2024-08-21T15:56:11","date_gmt":"2024-08-21T15:56:11","guid":{"rendered":"https:\/\/clean.setbenson.com\/?page_id=24"},"modified":"2026-03-10T10:35:55","modified_gmt":"2026-03-10T09:35:55","slug":"about-us","status":"publish","type":"page","link":"https:\/\/smart-cleaning.at\/de\/about-us\/","title":{"rendered":"\u00dcber Smart Cleaning Company"},"content":{"rendered":"<p><\/p>\n<p style=\"text-align: center;\">Smart Cleaning Company hat es sich zur Aufgabe gemacht, erstklassige Reinigungsdienstleistungen anzubieten, die auf die individuellen Bed\u00fcrfnisse unserer Kunden zugeschnitten sind. Seit unserer Gr\u00fcndung im Jahr 2020 haben wir uns schnell zu einem vertrauensw\u00fcrdigen Namen in der Reinigungsbranche entwickelt, der f\u00fcr seine Professionalit\u00e4t, Zuverl\u00e4ssigkeit und seinen au\u00dfergew\u00f6hnlichen Kundenservice bekannt ist. Unser Ziel ist es, saubere, gesunde und einladende Umgebungen f\u00fcr Wohn- und Gesch\u00e4ftsr\u00e4ume zu schaffen.<\/p>\n<p><\/p>","protected":false},"excerpt":{"rendered":"<p>Smart Cleaning Company hat es sich zur Aufgabe gemacht, erstklassige Reinigungsdienstleistungen anzubieten, die auf die individuellen Bed\u00fcrfnisse unserer Kunden zugeschnitten sind. Seit unserer Gr\u00fcndung im Jahr 2020 haben wir uns schnell zu einem vertrauensw\u00fcrdigen Namen in der Reinigungsbranche entwickelt, der f\u00fcr seine Professionalit\u00e4t, Zuverl\u00e4ssigkeit und seinen au\u00dfergew\u00f6hnlichen Kundenservice bekannt ist. Unser Ziel ist es, saubere, [&hellip;]<\/p>\n","protected":false},"author":1,"featured_media":28,"parent":0,"menu_order":0,"comment_status":"closed","ping_status":"closed","template":"template-about.php","meta":{"footnotes":""},"class_list":["post-24","page","type-page","status-publish","has-post-thumbnail","hentry"],"acf":[],"yoast_head":"<!-- This site is optimized with the Yoast SEO plugin v25.7 - https:\/\/yoast.com\/wordpress\/plugins\/seo\/ -->\n<title>\u00dcber Smart Cleaning Company - Smart Cleaning Company<\/title>\n<meta name=\"description\" content=\"Erfahren Sie mehr \u00fcber Smart Cleaning: unser Team, unsere Werte und unser Anspruch an hochwertige Reinigungsleistungen f\u00fcr Privat- und Gesch\u00e4ftskunden in Salzburg\" \/>\n<meta name=\"robots\" content=\"index, follow, max-snippet:-1, max-image-preview:large, max-video-preview:-1\" \/>\n<link rel=\"canonical\" href=\"https:\/\/smart-cleaning.at\/de\/about-us\/\" \/>\n<meta property=\"og:locale\" content=\"de_DE\" \/>\n<meta property=\"og:type\" content=\"article\" \/>\n<meta property=\"og:title\" content=\"\u00dcber Smart Cleaning Company - Smart Cleaning Company\" \/>\n<meta property=\"og:description\" content=\"Erfahren Sie mehr \u00fcber Smart Cleaning: unser Team, unsere Werte und unser Anspruch an hochwertige Reinigungsleistungen f\u00fcr Privat- und Gesch\u00e4ftskunden in Salzburg\" \/>\n<meta property=\"og:url\" content=\"https:\/\/smart-cleaning.at\/de\/about-us\/\" \/>\n<meta property=\"og:site_name\" content=\"Smart Cleaning Company\" \/>\n<meta property=\"article:modified_time\" content=\"2026-03-10T09:35:55+00:00\" \/>\n<meta property=\"og:image\" content=\"https:\/\/smart-cleaning.at\/wp-content\/uploads\/2024\/08\/parabol-the-agile-meeting-tool-qSv1gwYEfa8-unsplash-1.jpg\" \/>\n\t<meta property=\"og:image:width\" content=\"1280\" \/>\n\t<meta property=\"og:image:height\" content=\"700\" \/>\n\t<meta property=\"og:image:type\" content=\"image\/jpeg\" \/>\n<meta name=\"twitter:card\" content=\"summary_large_image\" \/>\n<meta name=\"twitter:label1\" content=\"Gesch\u00e4tzte Lesezeit\" \/>\n\t<meta name=\"twitter:data1\" content=\"1\u00a0Minute\" \/>\n<script type=\"application\/ld+json\" class=\"yoast-schema-graph\">{\"@context\":\"https:\/\/schema.org\",\"@graph\":[{\"@type\":\"WebPage\",\"@id\":\"https:\/\/smart-cleaning.at\/de\/about-us\/\",\"url\":\"https:\/\/smart-cleaning.at\/de\/about-us\/\",\"name\":\"\u00dcber Smart Cleaning Company - Smart Cleaning Company\",\"isPartOf\":{\"@id\":\"https:\/\/smart-cleaning.at\/de\/#website\"},\"primaryImageOfPage\":{\"@id\":\"https:\/\/smart-cleaning.at\/de\/about-us\/#primaryimage\"},\"image\":{\"@id\":\"https:\/\/smart-cleaning.at\/about-us\/#primaryimage\"},\"thumbnailUrl\":\"https:\/\/smart-cleaning.at\/wp-content\/uploads\/2024\/08\/parabol-the-agile-meeting-tool-qSv1gwYEfa8-unsplash-1.jpg\",\"datePublished\":\"2024-08-21T15:56:11+00:00\",\"dateModified\":\"2026-03-10T09:35:55+00:00\",\"description\":\"Erfahren Sie mehr \u00fcber Smart Cleaning: unser Team, unsere Werte und unser Anspruch an hochwertige Reinigungsleistungen f\u00fcr Privat- und Gesch\u00e4ftskunden in Salzburg\",\"breadcrumb\":{\"@id\":\"https:\/\/smart-cleaning.at\/de\/about-us\/#breadcrumb\"},\"inLanguage\":\"de\",\"potentialAction\":[{\"@type\":\"ReadAction\",\"target\":[[\"https:\/\/smart-cleaning.at\/de\/about-us\/\"]]}]},{\"@type\":\"ImageObject\",\"inLanguage\":\"de\",\"@id\":\"https:\/\/smart-cleaning.at\/de\/about-us\/#primaryimage\",\"url\":\"https:\/\/smart-cleaning.at\/wp-content\/uploads\/2024\/08\/parabol-the-agile-meeting-tool-qSv1gwYEfa8-unsplash-1.jpg\",\"contentUrl\":\"https:\/\/smart-cleaning.at\/wp-content\/uploads\/2024\/08\/parabol-the-agile-meeting-tool-qSv1gwYEfa8-unsplash-1.jpg\",\"width\":1280,\"height\":700,\"caption\":\"About Smart Cleaning Company\"},{\"@type\":\"BreadcrumbList\",\"@id\":\"https:\/\/smart-cleaning.at\/de\/about-us\/#breadcrumb\",\"itemListElement\":[{\"@type\":\"ListItem\",\"position\":1,\"name\":\"Home\",\"item\":\"https:\/\/smart-cleaning.at\/de\/\"},{\"@type\":\"ListItem\",\"position\":2,\"name\":\"About Smart Cleaning Company\"}]},{\"@type\":\"WebSite\",\"@id\":\"https:\/\/smart-cleaning.at\/de\/#website\",\"url\":\"https:\/\/smart-cleaning.at\/de\/\",\"name\":\"Smart Cleaning Company\",\"description\":\"\",\"potentialAction\":[{\"@type\":\"SearchAction\",\"target\":{\"@type\":\"EntryPoint\",\"urlTemplate\":\"https:\/\/smart-cleaning.at\/de\/?s={search_term_string}\"},\"query-input\":{\"@type\":\"PropertyValueSpecification\",\"valueRequired\":true,\"valueName\":\"search_term_string\"}}],\"inLanguage\":\"de\"}]}<\/script>\n<!-- \/ Yoast SEO plugin. -->","yoast_head_json":{"title":"\u00dcber Smart Cleaning Company - Smart Cleaning Company","description":"Erfahren Sie mehr \u00fcber Smart Cleaning: unser Team, unsere Werte und unser Anspruch an hochwertige Reinigungsleistungen f\u00fcr Privat- und Gesch\u00e4ftskunden in Salzburg","robots":{"index":"index","follow":"follow","max-snippet":"max-snippet:-1","max-image-preview":"max-image-preview:large","max-video-preview":"max-video-preview:-1"},"canonical":"https:\/\/smart-cleaning.at\/de\/about-us\/","og_locale":"de_DE","og_type":"article","og_title":"\u00dcber Smart Cleaning Company - Smart Cleaning Company","og_description":"Erfahren Sie mehr \u00fcber Smart Cleaning: unser Team, unsere Werte und unser Anspruch an hochwertige Reinigungsleistungen f\u00fcr Privat- und Gesch\u00e4ftskunden in Salzburg","og_url":"https:\/\/smart-cleaning.at\/de\/about-us\/","og_site_name":"Smart Cleaning Company","article_modified_time":"2026-03-10T09:35:55+00:00","og_image":[{"width":1280,"height":700,"url":"https:\/\/smart-cleaning.at\/wp-content\/uploads\/2024\/08\/parabol-the-agile-meeting-tool-qSv1gwYEfa8-unsplash-1.jpg","type":"image\/jpeg"}],"twitter_card":"summary_large_image","twitter_misc":{"Gesch\u00e4tzte Lesezeit":"1\u00a0Minute"},"schema":{"@context":"https:\/\/schema.org","@graph":[{"@type":"WebPage","@id":"https:\/\/smart-cleaning.at\/de\/about-us\/","url":"https:\/\/smart-cleaning.at\/de\/about-us\/","name":"\u00dcber Smart Cleaning Company - Smart Cleaning Company","isPartOf":{"@id":"https:\/\/smart-cleaning.at\/de\/#website"},"primaryImageOfPage":{"@id":"https:\/\/smart-cleaning.at\/de\/about-us\/#primaryimage"},"image":{"@id":"https:\/\/smart-cleaning.at\/about-us\/#primaryimage"},"thumbnailUrl":"https:\/\/smart-cleaning.at\/wp-content\/uploads\/2024\/08\/parabol-the-agile-meeting-tool-qSv1gwYEfa8-unsplash-1.jpg","datePublished":"2024-08-21T15:56:11+00:00","dateModified":"2026-03-10T09:35:55+00:00","description":"Erfahren Sie mehr \u00fcber Smart Cleaning: unser Team, unsere Werte und unser Anspruch an hochwertige Reinigungsleistungen f\u00fcr Privat- und Gesch\u00e4ftskunden in Salzburg","breadcrumb":{"@id":"https:\/\/smart-cleaning.at\/de\/about-us\/#breadcrumb"},"inLanguage":"de","potentialAction":[{"@type":"ReadAction","target":[["https:\/\/smart-cleaning.at\/de\/about-us\/"]]}]},{"@type":"ImageObject","inLanguage":"de","@id":"https:\/\/smart-cleaning.at\/de\/about-us\/#primaryimage","url":"https:\/\/smart-cleaning.at\/wp-content\/uploads\/2024\/08\/parabol-the-agile-meeting-tool-qSv1gwYEfa8-unsplash-1.jpg","contentUrl":"https:\/\/smart-cleaning.at\/wp-content\/uploads\/2024\/08\/parabol-the-agile-meeting-tool-qSv1gwYEfa8-unsplash-1.jpg","width":1280,"height":700,"caption":"About Smart Cleaning Company"},{"@type":"BreadcrumbList","@id":"https:\/\/smart-cleaning.at\/de\/about-us\/#breadcrumb","itemListElement":[{"@type":"ListItem","position":1,"name":"Home","item":"https:\/\/smart-cleaning.at\/de\/"},{"@type":"ListItem","position":2,"name":"About Smart Cleaning Company"}]},{"@type":"WebSite","@id":"https:\/\/smart-cleaning.at\/de\/#website","url":"https:\/\/smart-cleaning.at\/de\/","name":"Smart Cleaning Company","description":"","potentialAction":[{"@type":"SearchAction","target":{"@type":"EntryPoint","urlTemplate":"https:\/\/smart-cleaning.at\/de\/?s={search_term_string}"},"query-input":{"@type":"PropertyValueSpecification","valueRequired":true,"valueName":"search_term_string"}}],"inLanguage":"de"}]}},"_links":{"self":[{"href":"https:\/\/smart-cleaning.at\/de\/wp-json\/wp\/v2\/pages\/24","targetHints":{"allow":["GET"]}}],"collection":[{"href":"https:\/\/smart-cleaning.at\/de\/wp-json\/wp\/v2\/pages"}],"about":[{"href":"https:\/\/smart-cleaning.at\/de\/wp-json\/wp\/v2\/types\/page"}],"author":[{"embeddable":true,"href":"https:\/\/smart-cleaning.at\/de\/wp-json\/wp\/v2\/users\/1"}],"replies":[{"embeddable":true,"href":"https:\/\/smart-cleaning.at\/de\/wp-json\/wp\/v2\/comments?post=24"}],"version-history":[{"count":11,"href":"https:\/\/smart-cleaning.at\/de\/wp-json\/wp\/v2\/pages\/24\/revisions"}],"predecessor-version":[{"id":539,"href":"https:\/\/smart-cleaning.at\/de\/wp-json\/wp\/v2\/pages\/24\/revisions\/539"}],"wp:featuredmedia":[{"embeddable":true,"href":"https:\/\/smart-cleaning.at\/de\/wp-json\/wp\/v2\/media\/28"}],"wp:attachment":[{"href":"https:\/\/smart-cleaning.at\/de\/wp-json\/wp\/v2\/media?parent=24"}],"curies":[{"name":"wp","href":"https:\/\/api.w.org\/{rel}","templated":true}]}}